{"id":369,"date":"2025-04-18T08:17:54","date_gmt":"2025-04-18T06:17:54","guid":{"rendered":"https:\/\/labsrenovations.com\/?page_id=369"},"modified":"2025-11-25T20:19:16","modified_gmt":"2025-11-25T19:19:16","slug":"politica-de-cookies","status":"publish","type":"page","link":"https:\/\/labsrenovations.com\/en\/politica-de-cookies\/","title":{"rendered":"Cookie Policy"},"content":{"rendered":"<div data-elementor-type=\"wp-page\" data-elementor-id=\"369\" class=\"elementor elementor-369\" data-elementor-post-type=\"page\">\n\t\t\t\t\t\t<section class=\"elementor-section elementor-top-section elementor-element elementor-element-1165d8cb elementor-section-boxed elementor-section-height-default elementor-section-height-default\" data-id=\"1165d8cb\" data-element_type=\"section\" data-e-type=\"section\" data-settings=\"{&quot;background_background&quot;:&quot;classic&quot;}\">\n\t\t\t\t\t\t<div class=\"elementor-container elementor-column-gap-default\">\n\t\t\t\t\t<div class=\"elementor-column elementor-col-16 elementor-top-column elementor-element elementor-element-20093e42\" data-id=\"20093e42\" data-element_type=\"column\" data-e-type=\"column\">\n\t\t\t<div class=\"elementor-widget-wrap\">\n\t\t\t\t\t\t\t<\/div>\n\t\t<\/div>\n\t\t\t\t<div class=\"elementor-column elementor-col-66 elementor-top-column elementor-element elementor-element-7d754991\" data-id=\"7d754991\" data-element_type=\"column\" data-e-type=\"column\">\n\t\t\t<div class=\"elementor-widget-wrap elementor-element-populated\">\n\t\t\t\t\t\t<div class=\"elementor-element elementor-element-4db9a13 animated-slow elementor-invisible elementor-widget elementor-widget-heading\" data-id=\"4db9a13\" data-element_type=\"widget\" data-e-type=\"widget\" data-settings=\"{&quot;_animation&quot;:&quot;fadeIn&quot;}\" data-widget_type=\"heading.default\">\n\t\t\t\t<div class=\"elementor-widget-container\">\n\t\t\t\t\t<h1 class=\"elementor-heading-title elementor-size-default\">COOKIES POLICY<\/h1>\t\t\t\t<\/div>\n\t\t\t\t<\/div>\n\t\t\t\t<div class=\"elementor-element elementor-element-5cd44cb0 elementor-invisible elementor-widget elementor-widget-text-editor\" data-id=\"5cd44cb0\" data-element_type=\"widget\" data-e-type=\"widget\" data-settings=\"{&quot;_animation&quot;:&quot;fadeIn&quot;}\" data-widget_type=\"text-editor.default\">\n\t\t\t\t<div class=\"elementor-widget-container\">\n\t\t\t\t\t\t\t\t\t<p style=\"font-weight: 400;\">Document revised on 18\/04\/2025\u00a0<\/p>\t\t\t\t\t\t\t\t<\/div>\n\t\t\t\t<\/div>\n\t\t\t\t<div class=\"elementor-element elementor-element-36e9850 elementor-invisible elementor-widget elementor-widget-accordion\" data-id=\"36e9850\" data-element_type=\"widget\" data-e-type=\"widget\" data-settings=\"{&quot;_animation&quot;:&quot;fadeIn&quot;}\" data-widget_type=\"accordion.default\">\n\t\t\t\t<div class=\"elementor-widget-container\">\n\t\t\t\t\t\t\t<div class=\"elementor-accordion\">\n\t\t\t\t\t\t\t<div class=\"elementor-accordion-item\">\n\t\t\t\t\t<div id=\"elementor-tab-title-5751\" class=\"elementor-tab-title\" data-tab=\"1\" role=\"button\" aria-controls=\"elementor-tab-content-5751\" aria-expanded=\"false\">\n\t\t\t\t\t\t\t\t\t\t\t\t\t<span class=\"elementor-accordion-icon elementor-accordion-icon-right\" aria-hidden=\"true\">\n\t\t\t\t\t\t\t\t\t\t\t\t\t\t\t<span class=\"elementor-accordion-icon-closed\"><svg class=\"e-font-icon-svg e-fas-plus\" viewbox=\"0 0 448 512\" xmlns=\"http:\/\/www.w3.org\/2000\/svg\"><path d=\"M416 208H272V64c0-17.67-14.33-32-32-32h-32c-17.67 0-32 14.33-32 32v144H32c-17.67 0-32 14.33-32 32v32c0 17.67 14.33 32 32 32h144v144c0 17.67 14.33 32 32 32h32c17.67 0 32-14.33 32-32V304h144c17.67 0 32-14.33 32-32v-32c0-17.67-14.33-32-32-32z\"><\/path><\/svg><\/span>\n\t\t\t\t\t\t\t\t<span class=\"elementor-accordion-icon-opened\"><svg class=\"e-font-icon-svg e-fas-minus\" viewbox=\"0 0 448 512\" xmlns=\"http:\/\/www.w3.org\/2000\/svg\"><path d=\"M416 208H32c-17.67 0-32 14.33-32 32v32c0 17.67 14.33 32 32 32h384c17.67 0 32-14.33 32-32v-32c0-17.67-14.33-32-32-32z\"><\/path><\/svg><\/span>\n\t\t\t\t\t\t\t\t\t\t\t\t\t\t<\/span>\n\t\t\t\t\t\t\t\t\t\t\t\t<a class=\"elementor-accordion-title\" tabindex=\"0\">What are cookies?<\/a>\n\t\t\t\t\t<\/div>\n\t\t\t\t\t<div id=\"elementor-tab-content-5751\" class=\"elementor-tab-content elementor-clearfix\" data-tab=\"1\" role=\"region\" aria-labelledby=\"elementor-tab-title-5751\"><p>A cookie is a file that is downloaded to your computer when you access certain websites. Cookies allow a website, among other things, to store and retrieve information about the browsing habits of a user or their computer and, depending on the information they contain and the way you use your computer, they can be used to recognise the user.<\/p><p>The user's browser stores cookies on the hard disk only for the duration of the current session, occupying minimal memory space and not harming the computer. Cookies do not contain any specific personal information, and most cookies are deleted from the hard drive at the end of the browser session (so-called session cookies).<\/p><p>Most browsers accept cookies as standard and, independently of them, allow or prevent temporary or stored cookies in the security settings.<\/p><p>Without your express consent -through the activation of cookies in your browser-www.labsrenovations.com will not link in the cookies the stored data with your personal data provided at the time of registration or purchase.<\/p><\/div>\n\t\t\t\t<\/div>\n\t\t\t\t\t\t\t<div class=\"elementor-accordion-item\">\n\t\t\t\t\t<div id=\"elementor-tab-title-5752\" class=\"elementor-tab-title\" data-tab=\"2\" role=\"button\" aria-controls=\"elementor-tab-content-5752\" aria-expanded=\"false\">\n\t\t\t\t\t\t\t\t\t\t\t\t\t<span class=\"elementor-accordion-icon elementor-accordion-icon-right\" aria-hidden=\"true\">\n\t\t\t\t\t\t\t\t\t\t\t\t\t\t\t<span class=\"elementor-accordion-icon-closed\"><svg class=\"e-font-icon-svg e-fas-plus\" viewbox=\"0 0 448 512\" xmlns=\"http:\/\/www.w3.org\/2000\/svg\"><path d=\"M416 208H272V64c0-17.67-14.33-32-32-32h-32c-17.67 0-32 14.33-32 32v144H32c-17.67 0-32 14.33-32 32v32c0 17.67 14.33 32 32 32h144v144c0 17.67 14.33 32 32 32h32c17.67 0 32-14.33 32-32V304h144c17.67 0 32-14.33 32-32v-32c0-17.67-14.33-32-32-32z\"><\/path><\/svg><\/span>\n\t\t\t\t\t\t\t\t<span class=\"elementor-accordion-icon-opened\"><svg class=\"e-font-icon-svg e-fas-minus\" viewbox=\"0 0 448 512\" xmlns=\"http:\/\/www.w3.org\/2000\/svg\"><path d=\"M416 208H32c-17.67 0-32 14.33-32 32v32c0 17.67 14.33 32 32 32h384c17.67 0 32-14.33 32-32v-32c0-17.67-14.33-32-32-32z\"><\/path><\/svg><\/span>\n\t\t\t\t\t\t\t\t\t\t\t\t\t\t<\/span>\n\t\t\t\t\t\t\t\t\t\t\t\t<a class=\"elementor-accordion-title\" tabindex=\"0\">What types of cookies does this website use?<\/a>\n\t\t\t\t\t<\/div>\n\t\t\t\t\t<div id=\"elementor-tab-content-5752\" class=\"elementor-tab-content elementor-clearfix\" data-tab=\"2\" role=\"region\" aria-labelledby=\"elementor-tab-title-5752\"><p>Technical cookies:<\/p><p>These allow the user to browse a website, platform or application and use the different options or services that exist on it, such as, for example, controlling traffic and data communication, identifying the session, accessing restricted access areas, remembering the elements that make up an order, carrying out the purchase process of an order, applying for registration or participation in an event, using security elements during browsing, storing content for the broadcasting of videos or sound or sharing content through social networks.<\/p><p>Personalisation cookies:<\/p><p>These allow the user to access the service with some general characteristics predefined according to a series of criteria in the user's terminal, such as, for example, the language, the type of browser used to access the service, the regional configuration from which the service is accessed, etc.<\/p><p>Analysis cookies:<\/p><p>These are those that, whether processed by us or by third parties, allow us to quantify the number of users and thus carry out the measurement and statistical analysis of the use made by users of the service offered. To do this, your browsing on our website is analysed in order to improve the range of products or services that we offer.<\/p><p>Advertising cookies:<\/p><p>These are those that, whether processed by us or by third parties, allow us to manage the supply of advertising space on the website as efficiently as possible, adapting the content of the advertisement to the content of the service requested or to the use you make of our website. To do this, we can analyse your Internet browsing habits and we can show you advertising related to your browsing profile.<\/p><p>Behavioural advertising cookies:<\/p><p>These cookies allow the management, in the most efficient way possible, of the advertising spaces that, where appropriate, the publisher has included on a website, application or platform from which the requested service is provided. These cookies store information on user behaviour obtained through continuous observation of their browsing habits, which allows a specific profile to be developed in order to display advertising based on the same.<\/p><p>Third-party cookies:<\/p><p>The Website may use third-party services that collect information for statistical purposes, for the use of the Site by the user and for the provision of other services related to the activity of the Website and other Internet services.<\/p><\/div>\n\t\t\t\t<\/div>\n\t\t\t\t\t\t\t<div class=\"elementor-accordion-item\">\n\t\t\t\t\t<div id=\"elementor-tab-title-5753\" class=\"elementor-tab-title\" data-tab=\"3\" role=\"button\" aria-controls=\"elementor-tab-content-5753\" aria-expanded=\"false\">\n\t\t\t\t\t\t\t\t\t\t\t\t\t<span class=\"elementor-accordion-icon elementor-accordion-icon-right\" aria-hidden=\"true\">\n\t\t\t\t\t\t\t\t\t\t\t\t\t\t\t<span class=\"elementor-accordion-icon-closed\"><svg class=\"e-font-icon-svg e-fas-plus\" viewbox=\"0 0 448 512\" xmlns=\"http:\/\/www.w3.org\/2000\/svg\"><path d=\"M416 208H272V64c0-17.67-14.33-32-32-32h-32c-17.67 0-32 14.33-32 32v144H32c-17.67 0-32 14.33-32 32v32c0 17.67 14.33 32 32 32h144v144c0 17.67 14.33 32 32 32h32c17.67 0 32-14.33 32-32V304h144c17.67 0 32-14.33 32-32v-32c0-17.67-14.33-32-32-32z\"><\/path><\/svg><\/span>\n\t\t\t\t\t\t\t\t<span class=\"elementor-accordion-icon-opened\"><svg class=\"e-font-icon-svg e-fas-minus\" viewbox=\"0 0 448 512\" xmlns=\"http:\/\/www.w3.org\/2000\/svg\"><path d=\"M416 208H32c-17.67 0-32 14.33-32 32v32c0 17.67 14.33 32 32 32h384c17.67 0 32-14.33 32-32v-32c0-17.67-14.33-32-32-32z\"><\/path><\/svg><\/span>\n\t\t\t\t\t\t\t\t\t\t\t\t\t\t<\/span>\n\t\t\t\t\t\t\t\t\t\t\t\t<a class=\"elementor-accordion-title\" tabindex=\"0\">In particular, this website uses:<\/a>\n\t\t\t\t\t<\/div>\n\t\t\t\t\t<div id=\"elementor-tab-content-5753\" class=\"elementor-tab-content elementor-clearfix\" data-tab=\"3\" role=\"region\" aria-labelledby=\"elementor-tab-title-5753\"><p>Google Analytics, a web analytics service provided by Google, Inc. domiciled in the United States with headquarters at 1600 Amphitheatre Parkway, Mountain View, California 94043.  In order to provide these services, they use cookies to collect information, including the user's IP address, which will be transmitted to, processed and stored by Google on the terms set out on the Google.com website. Including the possible transmission of such information to third parties for reasons of legal requirement or where such third parties process the information on Google's behalf.<\/p><\/div>\n\t\t\t\t<\/div>\n\t\t\t\t\t\t\t<div class=\"elementor-accordion-item\">\n\t\t\t\t\t<div id=\"elementor-tab-title-5754\" class=\"elementor-tab-title\" data-tab=\"4\" role=\"button\" aria-controls=\"elementor-tab-content-5754\" aria-expanded=\"false\">\n\t\t\t\t\t\t\t\t\t\t\t\t\t<span class=\"elementor-accordion-icon elementor-accordion-icon-right\" aria-hidden=\"true\">\n\t\t\t\t\t\t\t\t\t\t\t\t\t\t\t<span class=\"elementor-accordion-icon-closed\"><svg class=\"e-font-icon-svg e-fas-plus\" viewbox=\"0 0 448 512\" xmlns=\"http:\/\/www.w3.org\/2000\/svg\"><path d=\"M416 208H272V64c0-17.67-14.33-32-32-32h-32c-17.67 0-32 14.33-32 32v144H32c-17.67 0-32 14.33-32 32v32c0 17.67 14.33 32 32 32h144v144c0 17.67 14.33 32 32 32h32c17.67 0 32-14.33 32-32V304h144c17.67 0 32-14.33 32-32v-32c0-17.67-14.33-32-32-32z\"><\/path><\/svg><\/span>\n\t\t\t\t\t\t\t\t<span class=\"elementor-accordion-icon-opened\"><svg class=\"e-font-icon-svg e-fas-minus\" viewbox=\"0 0 448 512\" xmlns=\"http:\/\/www.w3.org\/2000\/svg\"><path d=\"M416 208H32c-17.67 0-32 14.33-32 32v32c0 17.67 14.33 32 32 32h384c17.67 0 32-14.33 32-32v-32c0-17.67-14.33-32-32-32z\"><\/path><\/svg><\/span>\n\t\t\t\t\t\t\t\t\t\t\t\t\t\t<\/span>\n\t\t\t\t\t\t\t\t\t\t\t\t<a class=\"elementor-accordion-title\" tabindex=\"0\">Disabling cookies<\/a>\n\t\t\t\t\t<\/div>\n\t\t\t\t\t<div id=\"elementor-tab-content-5754\" class=\"elementor-tab-content elementor-clearfix\" data-tab=\"4\" role=\"region\" aria-labelledby=\"elementor-tab-title-5754\"><p>You can allow, block or delete the cookies installed on your computer by configuring the browser options installed on your computer.<\/p><p>You can then access the settings of the most common web browsers to accept, install or disable cookies:<\/p><p>Chrome<\/p><p>Explorer<\/p><p>Firefox<\/p><p>Safari<\/p><p>By disabling or deleting cookies, part of the Website will not function or the quality of the website may be affected.<\/p><p>If you have any doubts about this cookies policy, you can contact labuildingservices7@gmail.com<\/p><\/div>\n\t\t\t\t<\/div>\n\t\t\t\t\t\t\t\t<\/div>\n\t\t\t\t\t\t<\/div>\n\t\t\t\t<\/div>\n\t\t\t\t\t<\/div>\n\t\t<\/div>\n\t\t\t\t<div class=\"elementor-column elementor-col-16 elementor-top-column elementor-element elementor-element-60223215\" data-id=\"60223215\" data-element_type=\"column\" data-e-type=\"column\">\n\t\t\t<div class=\"elementor-widget-wrap\">\n\t\t\t\t\t\t\t<\/div>\n\t\t<\/div>\n\t\t\t\t\t<\/div>\n\t\t<\/section>\n\t\t\t\t<\/div>","protected":false},"excerpt":{"rendered":"<p>POL\u00cdTICA DE COOKIES Documento revisado el 18\/04\/2025\u00a0 \u00bfQu\u00e9 son las cookies? Cookie es un fichero que se descarga en su ordenador al acceder a determinadas p\u00e1ginas web. Las cookies permiten a una p\u00e1gina web, entre otras cosas, almacenar y recuperar informaci\u00f3n sobre los h\u00e1bitos de navegaci\u00f3n de un usuario o de su equipo y, dependiendo [&hellip;]<\/p>\n","protected":false},"author":1,"featured_media":0,"parent":0,"menu_order":0,"comment_status":"closed","ping_status":"closed","template":"","meta":{"footnotes":""},"class_list":["post-369","page","type-page","status-publish","hentry"],"yoast_head":"<!-- This site is optimized with the Yoast SEO Premium plugin v24.5 (Yoast SEO v27.4) - https:\/\/yoast.com\/product\/yoast-seo-premium-wordpress\/ -->\n<title>Pol\u00edtica de Cookies - Labs Renovations<\/title>\n<meta name=\"robots\" content=\"noindex, nofollow\" \/>\n<meta property=\"og:locale\" content=\"en_GB\" \/>\n<meta property=\"og:type\" content=\"article\" \/>\n<meta property=\"og:title\" content=\"Pol\u00edtica de Cookies\" \/>\n<meta property=\"og:description\" content=\"POL\u00cdTICA DE COOKIES Documento revisado el 18\/04\/2025\u00a0 \u00bfQu\u00e9 son las cookies? Cookie es un fichero que se descarga en su ordenador al acceder a determinadas p\u00e1ginas web. Las cookies permiten a una p\u00e1gina web, entre otras cosas, almacenar y recuperar informaci\u00f3n sobre los h\u00e1bitos de navegaci\u00f3n de un usuario o de su equipo y, dependiendo [&hellip;]\" \/>\n<meta property=\"og:url\" content=\"https:\/\/labsrenovations.com\/en\/politica-de-cookies\/\" \/>\n<meta property=\"og:site_name\" content=\"Labs Renovations\" \/>\n<meta property=\"article:modified_time\" content=\"2025-11-25T19:19:16+00:00\" \/>\n<meta name=\"twitter:card\" content=\"summary_large_image\" \/>\n<meta name=\"twitter:label1\" content=\"Estimated reading time\" \/>\n\t<meta name=\"twitter:data1\" content=\"4 minutes\" \/>\n<script type=\"application\/ld+json\" class=\"yoast-schema-graph\">{\"@context\":\"https:\\\/\\\/schema.org\",\"@graph\":[{\"@type\":\"WebPage\",\"@id\":\"https:\\\/\\\/labsrenovations.com\\\/politica-de-cookies\\\/\",\"url\":\"https:\\\/\\\/labsrenovations.com\\\/politica-de-cookies\\\/\",\"name\":\"Pol\u00edtica de Cookies - Labs Renovations\",\"isPartOf\":{\"@id\":\"https:\\\/\\\/labsrenovations.com\\\/#website\"},\"datePublished\":\"2025-04-18T06:17:54+00:00\",\"dateModified\":\"2025-11-25T19:19:16+00:00\",\"breadcrumb\":{\"@id\":\"https:\\\/\\\/labsrenovations.com\\\/politica-de-cookies\\\/#breadcrumb\"},\"inLanguage\":\"en-GB\",\"potentialAction\":[{\"@type\":\"ReadAction\",\"target\":[\"https:\\\/\\\/labsrenovations.com\\\/politica-de-cookies\\\/\"]}]},{\"@type\":\"BreadcrumbList\",\"@id\":\"https:\\\/\\\/labsrenovations.com\\\/politica-de-cookies\\\/#breadcrumb\",\"itemListElement\":[{\"@type\":\"ListItem\",\"position\":1,\"name\":\"Portada\",\"item\":\"https:\\\/\\\/labsrenovations.com\\\/\"},{\"@type\":\"ListItem\",\"position\":2,\"name\":\"Pol\u00edtica de Cookies\"}]},{\"@type\":\"WebSite\",\"@id\":\"https:\\\/\\\/labsrenovations.com\\\/#website\",\"url\":\"https:\\\/\\\/labsrenovations.com\\\/\",\"name\":\"Labs Renovations\",\"description\":\"Mejoramos tus espacios, mejoramos tu vida \",\"publisher\":{\"@id\":\"https:\\\/\\\/labsrenovations.com\\\/#organization\"},\"potentialAction\":[{\"@type\":\"SearchAction\",\"target\":{\"@type\":\"EntryPoint\",\"urlTemplate\":\"https:\\\/\\\/labsrenovations.com\\\/?s={search_term_string}\"},\"query-input\":{\"@type\":\"PropertyValueSpecification\",\"valueRequired\":true,\"valueName\":\"search_term_string\"}}],\"inLanguage\":\"en-GB\"},{\"@type\":\"Organization\",\"@id\":\"https:\\\/\\\/labsrenovations.com\\\/#organization\",\"name\":\"Labs Renovations\",\"url\":\"https:\\\/\\\/labsrenovations.com\\\/\",\"logo\":{\"@type\":\"ImageObject\",\"inLanguage\":\"en-GB\",\"@id\":\"https:\\\/\\\/labsrenovations.com\\\/#\\\/schema\\\/logo\\\/image\\\/\",\"url\":\"https:\\\/\\\/labsrenovations.com\\\/wp-content\\\/uploads\\\/2025\\\/04\\\/logo-Building-Services-2.svg\",\"contentUrl\":\"https:\\\/\\\/labsrenovations.com\\\/wp-content\\\/uploads\\\/2025\\\/04\\\/logo-Building-Services-2.svg\",\"width\":510,\"height\":474,\"caption\":\"Labs Renovations\"},\"image\":{\"@id\":\"https:\\\/\\\/labsrenovations.com\\\/#\\\/schema\\\/logo\\\/image\\\/\"}}]}<\/script>\n<!-- \/ Yoast SEO Premium plugin. -->","yoast_head_json":{"title":"Pol\u00edtica de Cookies - Labs Renovations","robots":{"index":"noindex","follow":"nofollow"},"og_locale":"en_GB","og_type":"article","og_title":"Pol\u00edtica de Cookies","og_description":"POL\u00cdTICA DE COOKIES Documento revisado el 18\/04\/2025\u00a0 \u00bfQu\u00e9 son las cookies? Cookie es un fichero que se descarga en su ordenador al acceder a determinadas p\u00e1ginas web. Las cookies permiten a una p\u00e1gina web, entre otras cosas, almacenar y recuperar informaci\u00f3n sobre los h\u00e1bitos de navegaci\u00f3n de un usuario o de su equipo y, dependiendo [&hellip;]","og_url":"https:\/\/labsrenovations.com\/en\/politica-de-cookies\/","og_site_name":"Labs Renovations","article_modified_time":"2025-11-25T19:19:16+00:00","twitter_card":"summary_large_image","twitter_misc":{"Estimated reading time":"4 minutes"},"schema":{"@context":"https:\/\/schema.org","@graph":[{"@type":"WebPage","@id":"https:\/\/labsrenovations.com\/politica-de-cookies\/","url":"https:\/\/labsrenovations.com\/politica-de-cookies\/","name":"Pol\u00edtica de Cookies - Labs Renovations","isPartOf":{"@id":"https:\/\/labsrenovations.com\/#website"},"datePublished":"2025-04-18T06:17:54+00:00","dateModified":"2025-11-25T19:19:16+00:00","breadcrumb":{"@id":"https:\/\/labsrenovations.com\/politica-de-cookies\/#breadcrumb"},"inLanguage":"en-GB","potentialAction":[{"@type":"ReadAction","target":["https:\/\/labsrenovations.com\/politica-de-cookies\/"]}]},{"@type":"BreadcrumbList","@id":"https:\/\/labsrenovations.com\/politica-de-cookies\/#breadcrumb","itemListElement":[{"@type":"ListItem","position":1,"name":"Portada","item":"https:\/\/labsrenovations.com\/"},{"@type":"ListItem","position":2,"name":"Pol\u00edtica de Cookies"}]},{"@type":"WebSite","@id":"https:\/\/labsrenovations.com\/#website","url":"https:\/\/labsrenovations.com\/","name":"Labs Renovations","description":"We improve your spaces, we improve your life","publisher":{"@id":"https:\/\/labsrenovations.com\/#organization"},"potentialAction":[{"@type":"SearchAction","target":{"@type":"EntryPoint","urlTemplate":"https:\/\/labsrenovations.com\/?s={search_term_string}"},"query-input":{"@type":"PropertyValueSpecification","valueRequired":true,"valueName":"search_term_string"}}],"inLanguage":"en-GB"},{"@type":"Organization","@id":"https:\/\/labsrenovations.com\/#organization","name":"Labs Renovations","url":"https:\/\/labsrenovations.com\/","logo":{"@type":"ImageObject","inLanguage":"en-GB","@id":"https:\/\/labsrenovations.com\/#\/schema\/logo\/image\/","url":"https:\/\/labsrenovations.com\/wp-content\/uploads\/2025\/04\/logo-Building-Services-2.svg","contentUrl":"https:\/\/labsrenovations.com\/wp-content\/uploads\/2025\/04\/logo-Building-Services-2.svg","width":510,"height":474,"caption":"Labs Renovations"},"image":{"@id":"https:\/\/labsrenovations.com\/#\/schema\/logo\/image\/"}}]}},"_links":{"self":[{"href":"https:\/\/labsrenovations.com\/en\/wp-json\/wp\/v2\/pages\/369","targetHints":{"allow":["GET"]}}],"collection":[{"href":"https:\/\/labsrenovations.com\/en\/wp-json\/wp\/v2\/pages"}],"about":[{"href":"https:\/\/labsrenovations.com\/en\/wp-json\/wp\/v2\/types\/page"}],"author":[{"embeddable":true,"href":"https:\/\/labsrenovations.com\/en\/wp-json\/wp\/v2\/users\/1"}],"replies":[{"embeddable":true,"href":"https:\/\/labsrenovations.com\/en\/wp-json\/wp\/v2\/comments?post=369"}],"version-history":[{"count":4,"href":"https:\/\/labsrenovations.com\/en\/wp-json\/wp\/v2\/pages\/369\/revisions"}],"predecessor-version":[{"id":377,"href":"https:\/\/labsrenovations.com\/en\/wp-json\/wp\/v2\/pages\/369\/revisions\/377"}],"wp:attachment":[{"href":"https:\/\/labsrenovations.com\/en\/wp-json\/wp\/v2\/media?parent=369"}],"curies":[{"name":"wp","href":"https:\/\/api.w.org\/{rel}","templated":true}]}}